{"id":23243,"date":"2026-02-17T10:48:49","date_gmt":"2026-02-17T09:48:49","guid":{"rendered":"https:\/\/hotelkit.net\/?page_id=23243"},"modified":"2026-02-17T15:16:38","modified_gmt":"2026-02-17T14:16:38","slug":"hotelkit-praesentiert-knowledge-ai","status":"publish","type":"page","link":"https:\/\/hotelkit.net\/de\/presse\/hotelkit-praesentiert-knowledge-ai\/","title":{"rendered":"KI-gest\u00fctztes Hotelwissen: hotelkit macht operatives Wissen f\u00fcr Hotelteams jederzeit zug\u00e4nglich"},"content":{"rendered":"<div class=\"wp-block-hotelkit-spacer\" style=\"--height: 100px; --tab-height: 100px; --desktop-height: 100px; \"><\/div>\n\n<section class=\"wp-block-hotelkit-single-content-container\">\n\t<div class=\"single-content-container\">\n\t\t\n\n<h1 class=\"wp-block-heading has-text-align-center has-18-font-size\">Pressemitteilung<\/h1>\n\n\n<div class=\"wp-block-hotelkit-spacer\" style=\"--height: 12px; --tab-height: 12px; --desktop-height: 12px; \"><\/div>\n\n\n<h2 class=\"wp-block-heading has-text-align-center\">KI-gest\u00fctztes Hotelwissen: hotelkit macht operatives Wissen einfach zug\u00e4nglich<\/h2>\n\n\n\n<div style=\"--paddingTopPc: 0; --paddingRightPc: 0; --paddingBottomPc: 0; --paddingLeftPc: 0; --paddingTopTablet: 0; --paddingRightTablet: 0; --paddingBottomTablet: 0; --paddingLeftTablet: 0; --paddingTopMobile: 0; --paddingRightMobile: 0; --paddingBottomMobile: 0; --paddingLeftMobile: 0; --backgroundColor: transparent; --backgroundColorOpacity: 1; --backgroundImageSize: cover; --backgroundImageUrl: none; --backgroundImagePositionX: center; --backgroundImagePositionY: center; --backgroundImageOpacity: 1; --overlayColor: transparent; --overlayOpacity: 0.4; --maxWidthPc: 600px; --maxWidthTablet: auto; --maxWidthMobile: auto; --heightPc: auto; --heightTablet: auto; --heightMobile: auto; --minHeightPc: auto; --minHeightTablet: auto; --minHeightMobile: auto; --marginLeftPc: auto; --marginRightPc: auto; --marginLeftTablet: auto; --marginRightTablet: auto; --marginLeftMobile: auto; --marginRightMobile: auto; --marginTopPc: 0; --marginBottomPc: 0; --marginTopTablet: 0; --marginBottomTablet: 0; --marginTopMobile: 0; --marginBottomMobile: 0; --justifyContentPc: flex-start; --justifyContentTablet: flex-start; --justifyContentMobile: flex-start; --alignItemsPc: flex-start; --alignItemsTablet: flex-start; --alignItemsMobile: flex-start; --borderRadiusPc: 0 0 0 0; --borderRadiusTablet: 0 0 0 0; --borderRadiusMobile: 0 0 0 0; \" class=\"wp-block-hotelkit-custom-container\">\n\t<div class='container-inner'>\n\t\t<div class='container-background'><\/div>\n\t\t\n\n<p class=\"has-text-align-center\">Mit Knowledge AI f\u00fchrt hotelkit einen sicheren, internen KI-Assistenten ein, der Mitarbeitenden in Echtzeit die richtigen Antworten auf operative Fragen liefert.&nbsp;<\/p>\n\n\t<\/div>\n<\/div>\n\n\n<h5 class=\"wp-block-heading has-text-align-left has-18-font-size\">Salzburg, Februar 2026<\/h5>\n\n\n\n<p>hotelkit, die weltweit von Hotelteams genutzte Kollaborations- und Wissensplattform, gibt heute die Einf\u00fchrung von hotelkit Knowledge AI bekannt. Der neue interne KI-Assistent wurde entwickelt, um Hotelwissen genau dann zug\u00e4nglich zu machen, wenn es im t\u00e4glichen Betrieb ben\u00f6tigt wird.<br><br>Mit Knowledge AI kn\u00fcpft hotelkit an seine urspr\u00fcngliche Idee an, die Einfachheit sozialer Kommunikation mit strukturiertem Wissensmanagement zu verbinden \u2013 in den Anfangsjahren oft beschrieben als eine Mischung aus Facebook und Wikipedia f\u00fcr Hotels. Von Beginn an stand im Mittelpunkt der Plattform, Kommunikation und operatives Know-how an einem zentralen Ort zusammenzuf\u00fchren.<br><br> Mit der Einf\u00fchrung von Knowledge AI wird dieses Konzept konsequent weiterentwickelt: Hotelwissen wird durch dialogbasierte Interaktion sofort nutzbar gemacht. In einer Branche, in der Wissen und Erfahrung zu den wertvollsten Ressourcen eines Hotels z\u00e4hlen, hebt Knowledge AI dieses Know-how auf ein neues Niveau.<\/p>\n\n\n\n<h2 class=\"wp-block-heading\">Warum der Zugang zu Wissen im Hotelalltag entscheidend ist<\/h2>\n\n\n\n<p>Der Hotelbetrieb basiert auf klaren Abl\u00e4ufen. Jede Schicht, jede G\u00e4stekommunikation und jede interne Aufgabe setzt voraus, dass Mitarbeitende wissen, was zu tun ist, wie es zu tun ist und wann es zu tun ist. Zwar verf\u00fcgen die meisten Hotels \u00fcber dokumentiertes Wissen in Form von SOPs, Handb\u00fcchern und Standards \u2013 in der Praxis bleibt der Zugang dazu jedoch h\u00e4ufig eine Herausforderung. Wenn Informationen schwer auffindbar sind, verlassen sich Teams auf ihr Ged\u00e4chtnis oder fragen Kolleginnen und Kollegen. Das f\u00fchrt zu Verz\u00f6gerungen, Unsicherheiten und Inkonsistenzen.<br><br>Knowledge AI schlie\u00dft diese L\u00fccke, indem Hotelteams in Echtzeit auf vorhandenes Wissen zugreifen k\u00f6nnen. Statt in Handb\u00fcchern, Ordnern oder Kategorien zu suchen, stellen Mitarbeitende einfach ihre Frage und erhalten eine klare Antwort \u2013 basierend auf den eigenen Standards und Prozessen des Hotels.<br><br><em>\u201eHotelprozesse sind das R\u00fcckgrat des t\u00e4glichen Betriebs \u2013 aber nur dann, wenn sie genau dann verf\u00fcgbar sind, wenn sie gebraucht werden\u201c, <\/em>sagt <strong>Marius Donhauser, CEO &amp; Co-Founder von hotelkit<\/strong>. <em>\u201eMit Knowledge AI verwandeln wir operative Handb\u00fccher in lebendiges Wissen \u2013 praxisnah, verl\u00e4sslich und in Echtzeit f\u00fcr Teams verf\u00fcgbar, ohne dabei Sicherheit oder Kontrolle zu kompromittieren.\u201d<\/em><\/p>\n\n\n\n<h2 class=\"wp-block-heading\">Von dokumentiertem Wissen zu praktischer Unterst\u00fctzung&nbsp;<\/h2>\n\n\n\n<p>Knowledge AI works as a chatbot for the hotel\u2019s digital knowledge base, allowing team members to interact with documented procedures through simple questions. Unlike generic AI tools, Knowledge AI is built specifically for hotel operations. It draws exclusively on the hotel\u2019s documented knowledge stored in Knowledge AI funktioniert wie ein Chatbot f\u00fcr die digitale Wissensdatenbank des Hotels und erm\u00f6glicht es Teammitgliedern, \u00fcber einfache Fragen mit dokumentierten Prozessen zu interagieren. Im Gegensatz zu generischen KI-Tools wurde Knowledge AI speziell f\u00fcr den Hotelbetrieb entwickelt. Die Antworten basieren ausschlie\u00dflich auf dem im hotelkit-System gespeicherten, dokumentierten Wissen des jeweiligen Hotels. So wird sichergestellt, dass alle Ausk\u00fcnfte den internen Standards entsprechen \u2013 abteilungs- und schicht\u00fcbergreifend.<br><br>S\u00e4mtliche Informationen verbleiben im eigenen System des Hotels und werden nicht zum Training externer KI-Modelle verwendet. Hotels behalten somit die volle Kontrolle \u00fcber ihre Daten und ihr Wissen.<\/p>\n\n\n\n<h2 class=\"wp-block-heading\">Zug\u00e4nglich f\u00fcr vielf\u00e4ltige und<span class=\"custom-format-class-line-break-pc br-pc\"> <\/span>internationale Teams<\/h2>\n\n\n\n<p>Hotelteams sind zunehmend international, w\u00e4hrend Prozesse h\u00e4ufig nur in einer Sprache dokumentiert sind. Knowledge AI erm\u00f6glicht es Mitarbeitenden, Fragen in ihrer eigenen Sprache zu stellen und Antworten ebenfalls in dieser Sprache zu erhalten \u2013 selbst wenn die urspr\u00fcngliche Dokumentation in einer anderen Sprache verfasst wurde. Das reduziert Missverst\u00e4ndnisse und unterst\u00fctzt konsistente Standards im gesamten Team.<br><br>Knowledge AI ist rund um die Uhr verf\u00fcgbar und unterst\u00fctzt den Hotelbetrieb auch w\u00e4hrend Nachtschichten, in Sto\u00dfzeiten oder in Situationen, in denen erfahrene Kolleginnen, Kollegen oder F\u00fchrungskr\u00e4fte nicht unmittelbar verf\u00fcgbar sind.<\/p>\n\n\n\n<h3 class=\"wp-block-heading\">\u00dcber hotelkit&nbsp;<\/h3>\n\n\n\n<p>hotelkit ist eine f\u00fchrende Kollaborations- und Wissensplattform f\u00fcr die Hotel- und Gesundheitsbranche. Mehr als 4.000 Teams mit \u00fcber 180.000 Mitarbeitenden weltweit&nbsp;nutzen&nbsp;hotelkit, um interne Kommunikation zu strukturieren, operatives Wissen zu managen und t\u00e4gliche Arbeitsabl\u00e4ufe abteilungs\u00fcbergreifend effizient zu gestalten. Die Plattform hilft Organisationen, Zusammenarbeit in komplexen Mehrschichtumgebungen zu vereinfachen.&nbsp;<br><br>hotelkit wurde vom Hotel Tech Report weltweit als&nbsp;<strong>Best Hotel&nbsp;Operations&nbsp;Platform&nbsp;2026<\/strong>&nbsp;ausgezeichnet und erreichte Spitzenplatzierungen in vier zentralen operativen Kategorien.&nbsp;<\/p>\n\n\n\n<h3 class=\"wp-block-heading\">Pressekontakt&nbsp;<\/h3>\n\n\n\n<p><strong>hotelkit GmbH<\/strong>&nbsp;<br>Marie-Ande\u00dfner-Platz 1&nbsp;<br>5020 Salzburg&nbsp;<br><strong>Phone (AT):<\/strong>&nbsp;+43 662 238080 52&nbsp;<br><strong>Phone (DE):<\/strong>&nbsp;+49 892 154720 52<br><strong>E-Mail:<\/strong>&nbsp;marketing@hotelkit.net<br><strong>Website:<\/strong>&nbsp;<a href=\"https:\/\/www.hotelkit.net\/\" target=\"_blank\" rel=\"noreferrer noopener\">www.hotelkit.net<\/a><\/p>\n\n\n\n<div class=\"wp-block-buttons is-layout-flex wp-block-buttons-is-layout-flex\">\n<div class=\"wp-block-button button button-outline-transparent\"><a class=\"wp-block-button__link wp-element-button\" href=\"https:\/\/hotelkit.net\/de\/presse\/\">Zur Presse-Seite<\/a><\/div>\n<\/div>\n\n\t<\/div>\n<\/section>\n\n<div class=\"wp-block-hotelkit-spacer\" style=\"--height: 100px; --tab-height: 100px; --desktop-height: 100px; \"><\/div>","protected":false},"excerpt":{"rendered":"","protected":false},"author":5,"featured_media":0,"parent":13350,"menu_order":0,"comment_status":"closed","ping_status":"closed","template":"","meta":{"_acf_changed":false,"footnotes":""},"class_list":["post-23243","page","type-page","status-publish","hentry"],"acf":[],"_links":{"self":[{"href":"https:\/\/hotelkit.net\/de\/wp-json\/wp\/v2\/pages\/23243","targetHints":{"allow":["GET"]}}],"collection":[{"href":"https:\/\/hotelkit.net\/de\/wp-json\/wp\/v2\/pages"}],"about":[{"href":"https:\/\/hotelkit.net\/de\/wp-json\/wp\/v2\/types\/page"}],"author":[{"embeddable":true,"href":"https:\/\/hotelkit.net\/de\/wp-json\/wp\/v2\/users\/5"}],"replies":[{"embeddable":true,"href":"https:\/\/hotelkit.net\/de\/wp-json\/wp\/v2\/comments?post=23243"}],"version-history":[{"count":13,"href":"https:\/\/hotelkit.net\/de\/wp-json\/wp\/v2\/pages\/23243\/revisions"}],"predecessor-version":[{"id":23306,"href":"https:\/\/hotelkit.net\/de\/wp-json\/wp\/v2\/pages\/23243\/revisions\/23306"}],"up":[{"embeddable":true,"href":"https:\/\/hotelkit.net\/de\/wp-json\/wp\/v2\/pages\/13350"}],"wp:attachment":[{"href":"https:\/\/hotelkit.net\/de\/wp-json\/wp\/v2\/media?parent=23243"}],"curies":[{"name":"wp","href":"https:\/\/api.w.org\/{rel}","templated":true}]}}